{"id":89,"date":"2017-05-29T16:41:05","date_gmt":"2017-05-29T16:41:05","guid":{"rendered":"http:\/\/www.amphetaminedischarge.com\/?page_id=89"},"modified":"2024-10-22T16:28:36","modified_gmt":"2024-10-22T16:28:36","slug":"historia","status":"publish","type":"page","link":"https:\/\/www.amphetaminedischarge.com\/index.php\/historia\/","title":{"rendered":"info"},"content":{"rendered":"<p><img loading=\"lazy\" decoding=\"async\" class=\"alignnone wp-image-507 size-full\" src=\"https:\/\/www.amphetaminedischarge.com\/wp-content\/uploads\/info\/amphetamine-info.jpg\" alt=\"\" width=\"960\" height=\"179\" srcset=\"https:\/\/www.amphetaminedischarge.com\/wp-content\/uploads\/info\/amphetamine-info.jpg 960w, https:\/\/www.amphetaminedischarge.com\/wp-content\/uploads\/info\/amphetamine-info-300x56.jpg 300w, https:\/\/www.amphetaminedischarge.com\/wp-content\/uploads\/info\/amphetamine-info-768x143.jpg 768w\" sizes=\"auto, (max-width: 960px) 100vw, 960px\" \/><\/p>\n<p>&nbsp;<\/p>\n<table style=\"border-collapse: collapse; width: 100%; height: 375px;\">\n<tbody>\n<tr style=\"height: 375px;\">\n<td style=\"width: 173px; height: 375px;\">&nbsp;<\/td>\n<td style=\"width: 172px; height: 375px;\"><\/td>\n<td style=\"width: 172px; height: 375px;\"><\/td>\n<td style=\"width: 172px; height: 375px;\"><\/td>\n<td style=\"width: 172px; height: 375px;\"><\/td>\n<\/tr>\n<tr>\n<td style=\"width: 173px; text-align: center;\">Aurora L\u00f3pez<\/td>\n<td style=\"width: 172px; text-align: center;\">Raquel Lao<\/td>\n<td style=\"width: 173px; text-align: center;\">Guillermo Moreno<\/td>\n<td style=\"width: 172px; text-align: center;\">Joaqu\u00edn D\u00edaz<\/td>\n<td style=\"width: 172px; text-align: center;\">JA L\u00f3pez<\/td>\n<\/tr>\n<\/tbody>\n<\/table>\n","protected":false},"excerpt":{"rendered":"<p>&nbsp; &nbsp; Aurora L\u00f3pez Raquel Lao Guillermo Moreno Joaqu\u00edn D\u00edaz JA L\u00f3pez<\/p>\n","protected":false},"author":1,"featured_media":0,"parent":0,"menu_order":0,"comment_status":"closed","ping_status":"closed","template":"","meta":{"footnotes":""},"class_list":["post-89","page","type-page","status-publish","hentry"],"aioseo_notices":[],"_links":{"self":[{"href":"https:\/\/www.amphetaminedischarge.com\/index.php\/wp-json\/wp\/v2\/pages\/89","targetHints":{"allow":["GET"]}}],"collection":[{"href":"https:\/\/www.amphetaminedischarge.com\/index.php\/wp-json\/wp\/v2\/pages"}],"about":[{"href":"https:\/\/www.amphetaminedischarge.com\/index.php\/wp-json\/wp\/v2\/types\/page"}],"author":[{"embeddable":true,"href":"https:\/\/www.amphetaminedischarge.com\/index.php\/wp-json\/wp\/v2\/users\/1"}],"replies":[{"embeddable":true,"href":"https:\/\/www.amphetaminedischarge.com\/index.php\/wp-json\/wp\/v2\/comments?post=89"}],"version-history":[{"count":38,"href":"https:\/\/www.amphetaminedischarge.com\/index.php\/wp-json\/wp\/v2\/pages\/89\/revisions"}],"predecessor-version":[{"id":721,"href":"https:\/\/www.amphetaminedischarge.com\/index.php\/wp-json\/wp\/v2\/pages\/89\/revisions\/721"}],"wp:attachment":[{"href":"https:\/\/www.amphetaminedischarge.com\/index.php\/wp-json\/wp\/v2\/media?parent=89"}],"curies":[{"name":"wp","href":"https:\/\/api.w.org\/{rel}","templated":true}]}}